{"id":11,"date":"2026-01-12T20:33:10","date_gmt":"2026-01-12T20:33:10","guid":{"rendered":"https:\/\/tarnawka.przemyska.pl\/?page_id=11"},"modified":"2026-03-12T15:59:21","modified_gmt":"2026-03-12T15:59:21","slug":"storna-glowna","status":"publish","type":"page","link":"https:\/\/tarnawka.przemyska.pl\/","title":{"rendered":"Strona G\u0142\u00f3wna"},"content":{"rendered":"\n<h1 class=\"wp-block-heading\">Parafia Nawiedzenia NMP w Tarnawce<\/h1>\n\n\n    <div class=\"parafia-container\">\n        <div class=\"parafia-buttons\">\n            <button class=\"parafia-btn\" onclick=\"switchParishTab('aktualnosci',this)\">Aktualno\u015bci<\/button>\n            <button class=\"parafia-btn active\" onclick=\"switchParishTab('ogloszenia-tab',this)\">Og\u0142oszenia<\/button>\n            <button class=\"parafia-btn\" onclick=\"switchParishTab('intencje-tab',this)\">Intencje<\/button>\n        <\/div>\n\n        <div id=\"aktualnosci\" class=\"parafia-content\">\n            <div class=\"news-grid\">\n                <div class=\"news-item\">\n    <div class=\"news-header-flex\">\n                <div class=\"news-thumb\">\n            <img loading=\"lazy\" decoding=\"async\" width=\"150\" height=\"150\" src=\"https:\/\/tarnawka.przemyska.pl\/wp-content\/uploads\/2026\/03\/1000064882-150x150.jpg\" class=\"attachment-thumbnail size-thumbnail wp-post-image\" alt=\"\" itemprop=\"image\" \/>        <\/div>\n                <div>\n            <span class=\"news-date\">29.03.2026<\/span>\n            <h3><a href=\"https:\/\/tarnawka.przemyska.pl\/?p=336\">Niedziela Palmowa w naszej parafii<\/a><\/h3>\n        <\/div>\n    <\/div>\n    <div class=\"news-excerpt\">\n        W minion\u0105 Niedziel\u0119 Palmow\u0105 uroczy\u015bcie rozpocz\u0119li\u015bmy Wielki Tydzie\u0144. Msze \u015bw. zgromadzi\u0142y wiernych o godz. 8:00...    <\/div>\n    <a href=\"https:\/\/tarnawka.przemyska.pl\/?p=336\" class=\"read-more\">Czytaj dalej<\/a>\n<\/div>\n<div class=\"news-item\">\n    <div class=\"news-header-flex\">\n                <div class=\"news-thumb\">\n            <img loading=\"lazy\" decoding=\"async\" width=\"150\" height=\"150\" src=\"https:\/\/tarnawka.przemyska.pl\/wp-content\/uploads\/2026\/03\/IMG-20260310-WA0006-150x150.jpg\" class=\"attachment-thumbnail size-thumbnail wp-post-image\" alt=\"\" itemprop=\"image\" \/>        <\/div>\n                <div>\n            <span class=\"news-date\">10.03.2026<\/span>\n            <h3><a href=\"https:\/\/tarnawka.przemyska.pl\/?p=298\">Szaty Matki Bo\u017cej z Quito w Naszej Parafii<\/a><\/h3>\n        <\/div>\n    <\/div>\n    <div class=\"news-excerpt\">\n        W dniach 9\/10 marca 2026 r. go\u015bcili\u015bmy w naszej parafii szaty, kt\u00f3rymi ubierana jest Matka...    <\/div>\n    <a href=\"https:\/\/tarnawka.przemyska.pl\/?p=298\" class=\"read-more\">Czytaj dalej<\/a>\n<\/div>\n            <\/div>\n        <\/div>\n\n        <div id=\"ogloszenia-tab\" class=\"parafia-content active\">\n                            <div style=\"background:#fff;padding:30px;border:1px solid #eee;border-radius:5px;\">\n                                        <div style=\"margin-bottom:20px;\">\n                        <img loading=\"lazy\" decoding=\"async\" width=\"677\" height=\"369\" src=\"https:\/\/tarnawka.przemyska.pl\/wp-content\/uploads\/2026\/01\/Gemini_Generated_Image_2lcmx32lcmx32lcm__1_-removebg-preview.png\" class=\"attachment-large size-large wp-post-image\" alt=\"\" style=\"width:100%;height:auto;border-radius:5px;\" srcset=\"https:\/\/tarnawka.przemyska.pl\/wp-content\/uploads\/2026\/01\/Gemini_Generated_Image_2lcmx32lcmx32lcm__1_-removebg-preview.png 677w, https:\/\/tarnawka.przemyska.pl\/wp-content\/uploads\/2026\/01\/Gemini_Generated_Image_2lcmx32lcmx32lcm__1_-removebg-preview-300x164.png 300w\" sizes=\"auto, (max-width: 677px) 100vw, 677px\" itemprop=\"image\" \/>                    <\/div>\n                                        <span class=\"news-date\">niedziela, 12 kwietnia 2026<\/span>\n                    <h2>Niedziela Mi\u0142osierdzia Bo\u017cego (12.04.2026 r.)<\/h2>\n                    <div style=\"line-height:1.8;margin-top:20px;\">\n                        \n<p>Dzi\u015b Niedziela Mi\u0142osierdzia Bo\u017cego. Zapraszam na Godzin\u0119 Mi\u0142osierdzia Bo\u017cego i modlitw\u0119 przy wystawionym Naj\u015bw. Sakramencie w naszym ko\u015bciele od godz. 15:00 do godz. 16:00. Przypominam o mo\u017cliwo\u015bci codziennego zyskiwania odpustu zupe\u0142nego pod zwyk\u0142ymi warunkami na terenie Polski, za odm\u00f3wienie Koronki do Bo\u017cego Mi\u0142osierdzia w ko\u015bciele lub kaplicy wobec Naj\u015bw. Sakramentu, wystawionego lub przechowywanego w tabernakulum. Chorzy mog\u0105 ten odpust zyska\u0107 poza ko\u015bcio\u0142em. Dzi\u015b rozpoczyna si\u0119 tak\u017ce Tydzie\u0144 Mi\u0142osierdzia. Zach\u0119cam do prywatnego odmawiania Koronki do Bo\u017cego Mi\u0142osierdzia przez ten tydzie\u0144 w domach lub w ko\u015bciele przed Eucharysti\u0105. Dzisiejsze ofiary z puszek przeka\u017c\u0119 na potrzeby \u201eCaritas\u201d.<\/p>\n\n\n\n<p>W dniu dzisiejszym, jak by\u0142o zapowiedziane w ubieg\u0142\u0105 niedziel\u0119, po sumie o godz. 11:00 procesja wok\u00f3\u0142 ko\u015bcio\u0142a z figurk\u0105 Zmartwychwsta\u0142ego.<\/p>\n\n\n\n<p>Dzisiaj tak\u017ce na godz. 9:30 zapraszam na VII spotkanie formacyjne dzieci przygotowuj\u0105ce si\u0119 z naszej parafii do swojej I Spowiedzi i I Komunii \u015bw. wraz z ich rodzicami. Spotkanie odb\u0119dzie si\u0119 w salce parafialnej.<\/p>\n\n\n\n<p>We wtorek rocznica \u015bmierci ks. Pra\u0142. J\u00f3zefa Dudka, budowniczego tego ko\u015bcio\u0142a oraz plebanii a tak\u017ce mojego poprzednika, pochowanego na naszym cmentarzu. Zapraszam do wsp\u00f3lnej modlitwy X r\u00f3\u017ca\u0144ca po Mszy \u015bw. o godz. 18:00, za\u015b Msza \u015bw., kt\u00f3r\u0105 zam\u00f3wi\u0142a R\u00f3\u017ca b\u0142. Rodziny Ulm\u00f3w \u201eo spok\u00f3j Jego duszy\u201d, zostanie odprawiona 16 kwietnia (czwartek) o godz. 18:00.<\/p>\n\n\n\n<p><\/p>\n                    <\/div>\n                <\/div>\n                        <\/div>\n\n        <div id=\"intencje-tab\" class=\"parafia-content\">\n                            <div style=\"background:#fff;padding:30px;border:1px solid #eee;border-radius:5px;\">\n                    <h2>INTENCJE MSZALNE<\/h2>\n                    <div class=\"table-responsive\" style=\"line-height:1.8;\">\n                        \n<p class=\"has-text-align-center\"><strong>13.04.2026 r. &#8211; 19.04.2026 r.<\/strong><\/p>\n\n\n\n<table style=\"width:100%; border-collapse: collapse;\">\n  <tr style=\"background-color:#2a5d84; color:white;\">\n    <th>Data<\/th>\n    <th>Godzina<\/th>\n    <th>Intencja<\/th>\n  <\/tr>\n  <tr>\n    <td>13.04.2026<\/td>\n    <td>08:00<\/td>\n    <td>+ Bronis\u0142aw Bar \u2013 od kole\u017canek i koleg\u00f3w Bernadki z IV b<\/td>\n  <\/tr>\n  <tr>\n    <td>13.04.2026<\/td>\n    <td>08:30<\/td>\n    <td>+ Andrzej Bar (6 rocznica \u015bmierci)<\/td>\n  <\/tr>\n  <tr>\n    <td>14.04.2026<\/td>\n    <td>18:00<\/td>\n    <td>+ Bronis\u0142aw Bar \u2013 od Stanis\u0142awa Mazurka z rodzin\u0105<\/td>\n  <\/tr>\n  <tr>\n    <td>14.04.2026<\/td>\n    <td>18:30<\/td>\n    <td>+ Stanis\u0142aw Sebzda (1 rocznica \u015bmierci)<\/td>\n  <\/tr>\n  <tr>\n    <td>15.04.2026<\/td>\n    <td>08:00<\/td>\n    <td>+ Bronis\u0142aw Bar \u2013 od kole\u017canek i koleg\u00f3w Ludmi\u0142y z pracy<\/td>\n  <\/tr>\n  <tr>\n    <td>16.04.2026<\/td>\n    <td>17:30<\/td>\n    <td>+ Bronis\u0142aw Bar \u2013 od Sabiny i \u0141ukasza z rodzinami<\/td>\n  <\/tr>\n  <tr>\n    <td>16.04.2026<\/td>\n    <td>18:00<\/td>\n    <td>+ ks. J\u00f3zef Dudek \u2013 od r\u00f3\u017cy b\u0142. Rodziny Ulm\u00f3w<\/td>\n  <\/tr>\n  <tr>\n    <td>17.04.2026<\/td>\n    <td>08:00<\/td>\n    <td>+ Bronis\u0142aw Bar \u2013 od Grzegorza i Danuty Szal<\/td>\n  <\/tr>\n  <tr>\n    <td>17.04.2026<\/td>\n    <td>08:30<\/td>\n    <td>o dope\u0142nienie intronizacji Jezusa na Kr\u00f3la Polski, za Ojczyzn\u0119 i o ochron\u0119 naszych polskich granic<\/td>\n  <\/tr>\n  <tr>\n    <td>18.04.2026<\/td>\n    <td>17:30<\/td>\n    <td>o b\u0142ogos\u0142awie\u0144stwo Bo\u017ce, opiek\u0119 Matki Bo\u017cej dla Karoliny w 18 rocznic\u0119 urodzin \u2013 od matki chrzestnej<\/td>\n  <\/tr>\n  <tr>\n    <td>18.04.2026<\/td>\n    <td>18:00<\/td>\n    <td>+ Bronis\u0142aw Bar \u2013 od Agnieszki i Marcina Pieni\u0105\u017cek<\/td>\n  <\/tr>\n  <tr>\n    <td>19.04.2026<\/td>\n    <td>08:00<\/td>\n    <td>+ Franciszek Olech (5 rocznica \u015bmierci)<\/td>\n  <\/tr>\n  <tr>\n    <td>19.04.2026<\/td>\n    <td>11:00<\/td>\n    <td>+ Ryszard Ro\u017cek (5 rocznica \u015bmierci) \u2013 od \u017cony<\/td>\n  <\/tr>\n<\/table>\n\n\n\n<p><\/p>\n                    <\/div>\n                <\/div>\n                        <\/div>\n    <\/div>\n\n    <script>\n    function switchParishTab(tabId,btn){\n        document.querySelectorAll('.parafia-content').forEach(c=>c.classList.remove('active'));\n        document.querySelectorAll('.parafia-btn').forEach(b=>b.classList.remove('active'));\n        document.getElementById(tabId).classList.add('active');\n        btn.classList.add('active');\n    }\n\n    document.addEventListener(\"DOMContentLoaded\",function(){\n        let ogloszenia = document.querySelector(\"#ogloszenia-tab\");\n        if(ogloszenia && ogloszenia.innerText.includes(\"Brak og\u0142osze\u0144\")){\n            document.getElementById(\"ogloszenia-tab\").classList.remove(\"active\");\n            document.getElementById(\"intencje-tab\").classList.add(\"active\");\n            let btns = document.querySelectorAll(\".parafia-btn\");\n            if(btns[1]) btns[1].classList.remove(\"active\");\n            if(btns[2]) btns[2].classList.add(\"active\");\n        }\n    });\n    <\/script>\n    \n","protected":false},"excerpt":{"rendered":"<p>Parafia Nawiedzenia NMP w Tarnawce<\/p>\n","protected":false},"author":1,"featured_media":0,"parent":0,"menu_order":0,"comment_status":"closed","ping_status":"closed","template":"bez-tytu\u0142u.php","meta":{"footnotes":""},"class_list":["entry","post","publish","author-admin","post-11","page","type-page"],"_links":{"self":[{"href":"https:\/\/tarnawka.przemyska.pl\/index.php?rest_route=\/wp\/v2\/pages\/11","targetHints":{"allow":["GET"]}}],"collection":[{"href":"https:\/\/tarnawka.przemyska.pl\/index.php?rest_route=\/wp\/v2\/pages"}],"about":[{"href":"https:\/\/tarnawka.przemyska.pl\/index.php?rest_route=\/wp\/v2\/types\/page"}],"author":[{"embeddable":true,"href":"https:\/\/tarnawka.przemyska.pl\/index.php?rest_route=\/wp\/v2\/users\/1"}],"replies":[{"embeddable":true,"href":"https:\/\/tarnawka.przemyska.pl\/index.php?rest_route=%2Fwp%2Fv2%2Fcomments&post=11"}],"version-history":[{"count":10,"href":"https:\/\/tarnawka.przemyska.pl\/index.php?rest_route=\/wp\/v2\/pages\/11\/revisions"}],"predecessor-version":[{"id":302,"href":"https:\/\/tarnawka.przemyska.pl\/index.php?rest_route=\/wp\/v2\/pages\/11\/revisions\/302"}],"wp:attachment":[{"href":"https:\/\/tarnawka.przemyska.pl\/index.php?rest_route=%2Fwp%2Fv2%2Fmedia&parent=11"}],"curies":[{"name":"wp","href":"https:\/\/api.w.org\/{rel}","templated":true}]}}