{"id":158,"date":"2026-02-20T21:39:30","date_gmt":"2026-02-20T21:39:30","guid":{"rendered":"https:\/\/tarnawka.przemyska.pl\/?page_id=158"},"modified":"2026-03-07T16:48:10","modified_gmt":"2026-03-07T16:48:10","slug":"kontakt","status":"publish","type":"page","link":"https:\/\/tarnawka.przemyska.pl\/?page_id=158","title":{"rendered":"Kontakt"},"content":{"rendered":"\n<h2 class=\"wp-block-heading\">Dane adresowe<\/h2>\n\n\n\n<p><strong>Parafia rzymskokatolicka pw. Nawiedzenia NMP w Tarnawce<\/strong> <\/p>\n\n\n\n<p>Tarnawka 238, 37-121 Tarnawka<\/p>\n\n\n\n<p>Diecezja: Archidiecezja Przemyska Dekanat: \u0141a\u0144cut I<\/p>\n\n\n\n<p><strong>E-mail:<\/strong> tarnawka238przemyska@gmail.com<\/p>\n\n\n\n<hr class=\"wp-block-separator has-alpha-channel-opacity\"\/>\n\n\n\n<h2 class=\"wp-block-heading\">Kancelaria Parafialna<\/h2>\n\n\n\n<p>Zapraszamy do kontaktu w sprawach duszpasterskich i administracyjnych.<\/p>\n\n\n\n<ul class=\"wp-block-list\">\n<li><strong>Dni urz\u0119dowania:<\/strong> od poniedzia\u0142ku do soboty<\/li>\n\n\n\n<li><strong>Godziny:<\/strong> po Mszy \u015awi\u0119tej<\/li>\n\n\n\n<li><em>W nag\u0142ych przypadkach (np. do chorego) prosimy o kontakt o ka\u017cdej porze.<\/em><\/li>\n<\/ul>\n\n\n\n<hr class=\"wp-block-separator has-alpha-channel-opacity\"\/>\n\n\n\n<h2 class=\"wp-block-heading\">Rachunek bankowy (Wsparcie parafii)<\/h2>\n\n\n\n<p>Osoby pragn\u0105ce wesprze\u0107 utrzymanie naszej \u015bwi\u0105tyni oraz prowadzone prace remontowe mog\u0105 dokonywa\u0107 wp\u0142at na konto:<\/p>\n\n\n\n<p><strong>Numer konta:<\/strong> 11 9159 1036 2004 4000 0824 0001<\/p>\n\n\n\n<p><strong>Tytu\u0142 przelewu:<\/strong> Darowizna na cele kultu religijnego.<\/p>\n\n\n\n<iframe src=\"https:\/\/www.google.com\/maps\/embed?pb=!1m18!1m12!1m3!1d2566.8816788823688!2d22.2786856!3d49.957322!2m3!1f0!2f0!3f0!3m2!1i1024!2i768!4f13.1!3m3!1m2!1s0x473c8ccafe5e44d3%3A0xa9a9c60b7d16ba59!2sKo%C5%9Bci%C3%B3%C5%82%20Nawiedzenia%20NMP%20w%20Tarnawce!5e0!3m2!1spl!2spl!4v1768251760936!5m2!1spl!2spl\" width=\"600\" height=\"450\" style=\"border:0;\" allowfullscreen=\"\" loading=\"lazy\" referrerpolicy=\"no-referrer-when-downgrade\"><\/iframe>\n","protected":false},"excerpt":{"rendered":"<p>Dane adresowe Parafia rzymskokatolicka pw. Nawiedzenia NMP w Tarnawce Tarnawka 238, 37-121 Tarnawka Diecezja: Archidiecezja Przemyska Dekanat: \u0141a\u0144cut I E-mail: tarnawka238przemyska@gmail.com Kancelaria Parafialna Zapraszamy do kontaktu w sprawach duszpasterskich i administracyjnych. Rachunek bankowy (Wsparcie parafii) Osoby pragn\u0105ce wesprze\u0107 utrzymanie naszej \u015bwi\u0105tyni oraz prowadzone prace remontowe mog\u0105 dokonywa\u0107 wp\u0142at na konto: Numer konta: 11 9159 1036 &#8230; <span class=\"more\"><a class=\"more-link\" href=\"https:\/\/tarnawka.przemyska.pl\/?page_id=158\">[Read more&#8230;]<\/a><\/span><\/p>\n","protected":false},"author":1,"featured_media":0,"parent":0,"menu_order":0,"comment_status":"closed","ping_status":"closed","template":"","meta":{"footnotes":""},"class_list":["entry","page","publish","author-admin","post-158"],"_links":{"self":[{"href":"https:\/\/tarnawka.przemyska.pl\/index.php?rest_route=\/wp\/v2\/pages\/158","targetHints":{"allow":["GET"]}}],"collection":[{"href":"https:\/\/tarnawka.przemyska.pl\/index.php?rest_route=\/wp\/v2\/pages"}],"about":[{"href":"https:\/\/tarnawka.przemyska.pl\/index.php?rest_route=\/wp\/v2\/types\/page"}],"author":[{"embeddable":true,"href":"https:\/\/tarnawka.przemyska.pl\/index.php?rest_route=\/wp\/v2\/users\/1"}],"replies":[{"embeddable":true,"href":"https:\/\/tarnawka.przemyska.pl\/index.php?rest_route=%2Fwp%2Fv2%2Fcomments&post=158"}],"version-history":[{"count":3,"href":"https:\/\/tarnawka.przemyska.pl\/index.php?rest_route=\/wp\/v2\/pages\/158\/revisions"}],"predecessor-version":[{"id":293,"href":"https:\/\/tarnawka.przemyska.pl\/index.php?rest_route=\/wp\/v2\/pages\/158\/revisions\/293"}],"wp:attachment":[{"href":"https:\/\/tarnawka.przemyska.pl\/index.php?rest_route=%2Fwp%2Fv2%2Fmedia&parent=158"}],"curies":[{"name":"wp","href":"https:\/\/api.w.org\/{rel}","templated":true}]}}