{"id":17,"date":"2026-01-12T20:33:10","date_gmt":"2026-01-12T20:33:10","guid":{"rendered":"https:\/\/tarnawka.przemyska.pl\/?page_id=17"},"modified":"2026-01-12T20:59:36","modified_gmt":"2026-01-12T20:59:36","slug":"o-parafi","status":"publish","type":"page","link":"https:\/\/tarnawka.przemyska.pl\/?page_id=17","title":{"rendered":"Witamy w Parafii Nawiedzenia NMP w Tarnawce."},"content":{"rendered":"\n<p>Nasza parafia to nie tylko zabytkowa \u015bwi\u0105tynia, ale przede wszystkim wsp\u00f3lnota ludzi wierz\u0105cych. Ko\u015bci\u00f3\u0142 pw. Nawiedzenia NMP w Tarnawce od lat stanowi centrum \u017cycia duchowego naszej miejscowo\u015bci.<\/p>\n\n\n\n<h2 class=\"wp-block-heading\">Historia<\/h2>\n\n\n\n<p><strong>Parafia rzymskokatolicka pw. Nawiedzenia Naj\u015bwi\u0119tszej Maryi Panny w Tarnawce<\/strong> nale\u017cy do archidiecezji przemyskiej (dekanat \u0141a\u0144cut I).<\/p>\n\n\n\n<p>Historia naszej wsp\u00f3lnoty i \u015bwi\u0105tyni jest niezwykle bogata:<\/p>\n\n\n\n<ul class=\"wp-block-list\">\n<li><strong>XV wiek:<\/strong> Pierwsze wzmianki o istnieniu miejscowo\u015bci Tarnawka.<\/li>\n\n\n\n<li><strong>1934\u20131939:<\/strong> Budowa obecnej murowanej \u015bwi\u0105tyni (pierwotnie jako cerkwi).<\/li>\n\n\n\n<li><strong>1946:<\/strong> Erygowanie ekspozytury z terytorium parafii w Husowie.<\/li>\n\n\n\n<li><strong>1953:<\/strong> Uroczyste po\u015bwi\u0119cenie ko\u015bcio\u0142a pod wezwaniem Nawiedzenia NMP.<\/li>\n\n\n\n<li><strong>1964:<\/strong> Tragiczny po\u017car starej, drewnianej \u015bwi\u0105tyni, kt\u00f3ra s\u0142u\u017cy\u0142a parafii od pocz\u0105tku jej istnienia.<\/li>\n\n\n\n<li><strong>1977:<\/strong> Oddanie do u\u017cytku nowej plebanii.<\/li>\n<\/ul>\n\n\n\n<h2 class=\"wp-block-heading\">Duszpasterze<\/h2>\n\n\n\n<h3 class=\"wp-block-heading\">Obecny Proboszcz<\/h3>\n\n\n\n<figure class=\"wp-block-image size-full\"><img loading=\"lazy\" decoding=\"async\" width=\"201\" height=\"263\" src=\"https:\/\/tarnawka.przemyska.pl\/wp-content\/uploads\/2026\/01\/20230327_111806.jpg\" alt=\"\" class=\"wp-image-28\"\/><\/figure>\n\n\n\n<p><strong>ks. Micha\u0142 Czelny<\/strong><\/p>\n\n\n\n<p><strong>W parafii od:<\/strong> 2025 roku<\/p>\n\n\n\n<h3 class=\"wp-block-heading\">Poczet Proboszcz\u00f3w (Historia)<\/h3>\n\n\n\n<p>Warto pami\u0119ta\u0107 o kap\u0142anach, kt\u00f3rzy przez dziesi\u0119ciolecia budowali nasz\u0105 wsp\u00f3lnot\u0119 duchow\u0105 i materialn\u0105:<\/p>\n\n\n\n<ul class=\"wp-block-list\">\n<li><strong>ks. Zygmunt Suski<\/strong> (2017\u20132025)<\/li>\n\n\n\n<li><strong>ks. Jan Bie\u0144<\/strong> (2005\u20132016)<\/li>\n\n\n\n<li><strong>ks. J\u00f3zef Dudek<\/strong> (1970\u20132005)<\/li>\n\n\n\n<li><strong>ks. Franciszek Nowak<\/strong> (1946\u20131969) \u2013 pierwszy duszpasterz (ekspozyt) parafii<\/li>\n<\/ul>\n","protected":false},"excerpt":{"rendered":"<p>Nasza parafia to nie tylko zabytkowa \u015bwi\u0105tynia, ale przede wszystkim wsp\u00f3lnota ludzi wierz\u0105cych. Ko\u015bci\u00f3\u0142 pw. Nawiedzenia NMP w Tarnawce od lat stanowi centrum \u017cycia duchowego naszej miejscowo\u015bci. Historia Parafia rzymskokatolicka pw. Nawiedzenia Naj\u015bwi\u0119tszej Maryi Panny w Tarnawce nale\u017cy do archidiecezji przemyskiej (dekanat \u0141a\u0144cut I). Historia naszej wsp\u00f3lnoty i \u015bwi\u0105tyni jest niezwykle bogata: Duszpasterze Obecny Proboszcz &#8230; <span class=\"more\"><a class=\"more-link\" href=\"https:\/\/tarnawka.przemyska.pl\/?page_id=17\">[Read more&#8230;]<\/a><\/span><\/p>\n","protected":false},"author":1,"featured_media":0,"parent":0,"menu_order":0,"comment_status":"closed","ping_status":"closed","template":"","meta":{"footnotes":""},"class_list":["entry","page","publish","author-admin","post-17"],"_links":{"self":[{"href":"https:\/\/tarnawka.przemyska.pl\/index.php?rest_route=\/wp\/v2\/pages\/17","targetHints":{"allow":["GET"]}}],"collection":[{"href":"https:\/\/tarnawka.przemyska.pl\/index.php?rest_route=\/wp\/v2\/pages"}],"about":[{"href":"https:\/\/tarnawka.przemyska.pl\/index.php?rest_route=\/wp\/v2\/types\/page"}],"author":[{"embeddable":true,"href":"https:\/\/tarnawka.przemyska.pl\/index.php?rest_route=\/wp\/v2\/users\/1"}],"replies":[{"embeddable":true,"href":"https:\/\/tarnawka.przemyska.pl\/index.php?rest_route=%2Fwp%2Fv2%2Fcomments&post=17"}],"version-history":[{"count":4,"href":"https:\/\/tarnawka.przemyska.pl\/index.php?rest_route=\/wp\/v2\/pages\/17\/revisions"}],"predecessor-version":[{"id":32,"href":"https:\/\/tarnawka.przemyska.pl\/index.php?rest_route=\/wp\/v2\/pages\/17\/revisions\/32"}],"wp:attachment":[{"href":"https:\/\/tarnawka.przemyska.pl\/index.php?rest_route=%2Fwp%2Fv2%2Fmedia&parent=17"}],"curies":[{"name":"wp","href":"https:\/\/api.w.org\/{rel}","templated":true}]}}